{"id":1047,"date":"2023-10-25T15:10:43","date_gmt":"2023-10-25T15:10:43","guid":{"rendered":"https:\/\/hannah-ehlers.de\/?page_id=1047"},"modified":"2023-10-25T15:23:07","modified_gmt":"2023-10-25T15:23:07","slug":"ganze-tage-ganze-naechte","status":"publish","type":"page","link":"https:\/\/hannah-ehlers.de\/?page_id=1047","title":{"rendered":"Ganze Tage, ganze N\u00e4chte"},"content":{"rendered":"\n<p>Am Theater Die Kom\u00f6dianten Kiel mit Tim J\u00fcrgensen und Arturo Sayan<\/p>\n\n\n\n<p>Inszenierung: Ivan Dentler, Choreografie: Franziska Pl\u00fcschke, B\u00fchnenbild: Pola Rader<\/p>\n\n\n\n<p>Fotos: Thomas Eisenkr\u00e4tzer<\/p>\n\n\n\n<figure class=\"wp-block-image size-large\"><img loading=\"lazy\" decoding=\"async\" width=\"1024\" height=\"1024\" src=\"https:\/\/hannah-ehlers.de\/wp-content\/uploads\/2023\/10\/IMG_20231025_143254_996-1024x1024.webp\" alt=\"\" class=\"wp-image-1041\" srcset=\"https:\/\/hannah-ehlers.de\/wp-content\/uploads\/2023\/10\/IMG_20231025_143254_996-1024x1024.webp 1024w, https:\/\/hannah-ehlers.de\/wp-content\/uploads\/2023\/10\/IMG_20231025_143254_996-300x300.webp 300w, https:\/\/hannah-ehlers.de\/wp-content\/uploads\/2023\/10\/IMG_20231025_143254_996-150x150.webp 150w, https:\/\/hannah-ehlers.de\/wp-content\/uploads\/2023\/10\/IMG_20231025_143254_996-768x768.webp 768w, https:\/\/hannah-ehlers.de\/wp-content\/uploads\/2023\/10\/IMG_20231025_143254_996-100x100.webp 100w, https:\/\/hannah-ehlers.de\/wp-content\/uploads\/2023\/10\/IMG_20231025_143254_996.webp 1440w\" sizes=\"auto, (max-width: 767px) 89vw, (max-width: 1000px) 54vw, (max-width: 1071px) 543px, 580px\" \/><\/figure>\n\n\n\n<figure class=\"wp-block-image\"><img loading=\"lazy\" decoding=\"async\" width=\"1024\" height=\"1024\" src=\"https:\/\/hannah-ehlers.de\/wp-content\/uploads\/2023\/10\/IMG_20231025_143255_004-1024x1024.webp\" alt=\"\" class=\"wp-image-1042\" srcset=\"https:\/\/hannah-ehlers.de\/wp-content\/uploads\/2023\/10\/IMG_20231025_143255_004-1024x1024.webp 1024w, https:\/\/hannah-ehlers.de\/wp-content\/uploads\/2023\/10\/IMG_20231025_143255_004-300x300.webp 300w, https:\/\/hannah-ehlers.de\/wp-content\/uploads\/2023\/10\/IMG_20231025_143255_004-150x150.webp 150w, https:\/\/hannah-ehlers.de\/wp-content\/uploads\/2023\/10\/IMG_20231025_143255_004-768x768.webp 768w, https:\/\/hannah-ehlers.de\/wp-content\/uploads\/2023\/10\/IMG_20231025_143255_004-100x100.webp 100w, https:\/\/hannah-ehlers.de\/wp-content\/uploads\/2023\/10\/IMG_20231025_143255_004.webp 1440w\" sizes=\"auto, (max-width: 767px) 89vw, (max-width: 1000px) 54vw, (max-width: 1071px) 543px, 580px\" \/><\/figure>\n\n\n\n<figure class=\"wp-block-image\"><img loading=\"lazy\" decoding=\"async\" width=\"1024\" height=\"1024\" src=\"https:\/\/hannah-ehlers.de\/wp-content\/uploads\/2023\/10\/IMG_20231025_143255_029-1024x1024.webp\" alt=\"\" class=\"wp-image-1043\" srcset=\"https:\/\/hannah-ehlers.de\/wp-content\/uploads\/2023\/10\/IMG_20231025_143255_029-1024x1024.webp 1024w, https:\/\/hannah-ehlers.de\/wp-content\/uploads\/2023\/10\/IMG_20231025_143255_029-300x300.webp 300w, https:\/\/hannah-ehlers.de\/wp-content\/uploads\/2023\/10\/IMG_20231025_143255_029-150x150.webp 150w, https:\/\/hannah-ehlers.de\/wp-content\/uploads\/2023\/10\/IMG_20231025_143255_029-768x768.webp 768w, https:\/\/hannah-ehlers.de\/wp-content\/uploads\/2023\/10\/IMG_20231025_143255_029-100x100.webp 100w, https:\/\/hannah-ehlers.de\/wp-content\/uploads\/2023\/10\/IMG_20231025_143255_029.webp 1440w\" sizes=\"auto, (max-width: 767px) 89vw, (max-width: 1000px) 54vw, (max-width: 1071px) 543px, 580px\" \/><\/figure>\n\n\n\n<figure class=\"wp-block-image\"><img loading=\"lazy\" decoding=\"async\" width=\"1024\" height=\"1024\" src=\"https:\/\/hannah-ehlers.de\/wp-content\/uploads\/2023\/10\/IMG_20231025_143255_031-1024x1024.webp\" alt=\"\" class=\"wp-image-1044\" srcset=\"https:\/\/hannah-ehlers.de\/wp-content\/uploads\/2023\/10\/IMG_20231025_143255_031-1024x1024.webp 1024w, https:\/\/hannah-ehlers.de\/wp-content\/uploads\/2023\/10\/IMG_20231025_143255_031-300x300.webp 300w, https:\/\/hannah-ehlers.de\/wp-content\/uploads\/2023\/10\/IMG_20231025_143255_031-150x150.webp 150w, https:\/\/hannah-ehlers.de\/wp-content\/uploads\/2023\/10\/IMG_20231025_143255_031-768x768.webp 768w, https:\/\/hannah-ehlers.de\/wp-content\/uploads\/2023\/10\/IMG_20231025_143255_031-100x100.webp 100w, https:\/\/hannah-ehlers.de\/wp-content\/uploads\/2023\/10\/IMG_20231025_143255_031.webp 1440w\" sizes=\"auto, (max-width: 767px) 89vw, (max-width: 1000px) 54vw, (max-width: 1071px) 543px, 580px\" \/><\/figure>\n\n\n\n<figure class=\"wp-block-image\"><img loading=\"lazy\" decoding=\"async\" width=\"1024\" height=\"1024\" src=\"https:\/\/hannah-ehlers.de\/wp-content\/uploads\/2023\/10\/IMG_20231025_143255_035-1024x1024.webp\" alt=\"\" class=\"wp-image-1045\" srcset=\"https:\/\/hannah-ehlers.de\/wp-content\/uploads\/2023\/10\/IMG_20231025_143255_035-1024x1024.webp 1024w, https:\/\/hannah-ehlers.de\/wp-content\/uploads\/2023\/10\/IMG_20231025_143255_035-300x300.webp 300w, https:\/\/hannah-ehlers.de\/wp-content\/uploads\/2023\/10\/IMG_20231025_143255_035-150x150.webp 150w, https:\/\/hannah-ehlers.de\/wp-content\/uploads\/2023\/10\/IMG_20231025_143255_035-768x768.webp 768w, https:\/\/hannah-ehlers.de\/wp-content\/uploads\/2023\/10\/IMG_20231025_143255_035-100x100.webp 100w, https:\/\/hannah-ehlers.de\/wp-content\/uploads\/2023\/10\/IMG_20231025_143255_035.webp 1440w\" sizes=\"auto, (max-width: 767px) 89vw, (max-width: 1000px) 54vw, (max-width: 1071px) 543px, 580px\" \/><\/figure>\n\n\n\n<figure class=\"wp-block-image\"><img loading=\"lazy\" decoding=\"async\" width=\"1024\" height=\"1024\" src=\"https:\/\/hannah-ehlers.de\/wp-content\/uploads\/2023\/10\/IMG_20231025_143255_038-1024x1024.webp\" alt=\"\" class=\"wp-image-1040\" srcset=\"https:\/\/hannah-ehlers.de\/wp-content\/uploads\/2023\/10\/IMG_20231025_143255_038-1024x1024.webp 1024w, https:\/\/hannah-ehlers.de\/wp-content\/uploads\/2023\/10\/IMG_20231025_143255_038-300x300.webp 300w, https:\/\/hannah-ehlers.de\/wp-content\/uploads\/2023\/10\/IMG_20231025_143255_038-150x150.webp 150w, https:\/\/hannah-ehlers.de\/wp-content\/uploads\/2023\/10\/IMG_20231025_143255_038-768x768.webp 768w, https:\/\/hannah-ehlers.de\/wp-content\/uploads\/2023\/10\/IMG_20231025_143255_038-100x100.webp 100w, https:\/\/hannah-ehlers.de\/wp-content\/uploads\/2023\/10\/IMG_20231025_143255_038.webp 1440w\" sizes=\"auto, (max-width: 767px) 89vw, (max-width: 1000px) 54vw, (max-width: 1071px) 543px, 580px\" \/><\/figure>\n\n\n\n<figure class=\"wp-block-image\"><img loading=\"lazy\" decoding=\"async\" width=\"1024\" height=\"1024\" src=\"https:\/\/hannah-ehlers.de\/wp-content\/uploads\/2023\/10\/IMG_20231025_143255_041-1024x1024.webp\" alt=\"\" class=\"wp-image-1046\" srcset=\"https:\/\/hannah-ehlers.de\/wp-content\/uploads\/2023\/10\/IMG_20231025_143255_041-1024x1024.webp 1024w, https:\/\/hannah-ehlers.de\/wp-content\/uploads\/2023\/10\/IMG_20231025_143255_041-300x300.webp 300w, https:\/\/hannah-ehlers.de\/wp-content\/uploads\/2023\/10\/IMG_20231025_143255_041-150x150.webp 150w, https:\/\/hannah-ehlers.de\/wp-content\/uploads\/2023\/10\/IMG_20231025_143255_041-768x769.webp 768w, https:\/\/hannah-ehlers.de\/wp-content\/uploads\/2023\/10\/IMG_20231025_143255_041-100x100.webp 100w, https:\/\/hannah-ehlers.de\/wp-content\/uploads\/2023\/10\/IMG_20231025_143255_041.webp 1440w\" sizes=\"auto, (max-width: 767px) 89vw, (max-width: 1000px) 54vw, (max-width: 1071px) 543px, 580px\" \/><\/figure>\n","protected":false},"excerpt":{"rendered":"<p>Am Theater Die Kom\u00f6dianten Kiel mit Tim J\u00fcrgensen und Arturo Sayan Inszenierung: Ivan Dentler, Choreografie: Franziska Pl\u00fcschke, B\u00fchnenbild: Pola Rader Fotos: Thomas Eisenkr\u00e4tzer<\/p>\n","protected":false},"author":1,"featured_media":0,"parent":21,"menu_order":0,"comment_status":"closed","ping_status":"closed","template":"","meta":{"jetpack_post_was_ever_published":false,"footnotes":""},"class_list":["post-1047","page","type-page","status-publish","hentry"],"jetpack_sharing_enabled":true,"jetpack_shortlink":"https:\/\/wp.me\/Pa9wQr-gT","_links":{"self":[{"href":"https:\/\/hannah-ehlers.de\/index.php?rest_route=\/wp\/v2\/pages\/1047","targetHints":{"allow":["GET"]}}],"collection":[{"href":"https:\/\/hannah-ehlers.de\/index.php?rest_route=\/wp\/v2\/pages"}],"about":[{"href":"https:\/\/hannah-ehlers.de\/index.php?rest_route=\/wp\/v2\/types\/page"}],"author":[{"embeddable":true,"href":"https:\/\/hannah-ehlers.de\/index.php?rest_route=\/wp\/v2\/users\/1"}],"replies":[{"embeddable":true,"href":"https:\/\/hannah-ehlers.de\/index.php?rest_route=%2Fwp%2Fv2%2Fcomments&post=1047"}],"version-history":[{"count":2,"href":"https:\/\/hannah-ehlers.de\/index.php?rest_route=\/wp\/v2\/pages\/1047\/revisions"}],"predecessor-version":[{"id":1050,"href":"https:\/\/hannah-ehlers.de\/index.php?rest_route=\/wp\/v2\/pages\/1047\/revisions\/1050"}],"up":[{"embeddable":true,"href":"https:\/\/hannah-ehlers.de\/index.php?rest_route=\/wp\/v2\/pages\/21"}],"wp:attachment":[{"href":"https:\/\/hannah-ehlers.de\/index.php?rest_route=%2Fwp%2Fv2%2Fmedia&parent=1047"}],"curies":[{"name":"wp","href":"https:\/\/api.w.org\/{rel}","templated":true}]}}