{"id":117,"date":"2018-07-28T13:40:10","date_gmt":"2018-07-28T13:40:10","guid":{"rendered":"http:\/\/hannah-ehlers.de\/?page_id=117"},"modified":"2023-11-10T13:09:10","modified_gmt":"2023-11-10T13:09:10","slug":"herzlich-willkommen","status":"publish","type":"page","link":"https:\/\/hannah-ehlers.de\/","title":{"rendered":"Herzlich Willkommen!"},"content":{"rendered":"<p>Ich freue mich, dass du auf meiner Seite gelandet bist! Hier gibt es alle <a href=\"https:\/\/hannah-ehlers.de\/?cat=4\">Neuigkeiten<\/a>, ein paar <a href=\"https:\/\/hannah-ehlers.de\/?page_id=78\">Infos zu mir<\/a> und meinem <a href=\"https:\/\/hannah-ehlers.de\/?page_id=15\">bisherigen Leben<\/a>, sowie die verschiedensten <a href=\"https:\/\/hannah-ehlers.de\/?page_id=21\">Bilder<\/a>.<br \/>\nMein <a href=\"https:\/\/www.filmmakers.eu\/de\/actors\/hannah-ehlers\/showreels\/101758\">Showreel<\/a> und weitere Infos findet ihr au\u00dferdem noch auf meinem <a href=\"https:\/\/www.filmmakers.eu\/de\/actors\/hannah-ehlers\" target=\"_blank\" rel=\"noopener\">Filmmakersprofil<\/a>.<\/p>\n<p>Viel Spa\u00df beim St\u00f6bern \ud83d\ude42<\/p>\n","protected":false},"excerpt":{"rendered":"<p>Ich freue mich, dass du auf meiner Seite gelandet bist! Hier gibt es alle Neuigkeiten, ein paar Infos zu mir und meinem bisherigen Leben, sowie die verschiedensten Bilder. Mein Showreel und weitere Infos findet ihr au\u00dferdem noch auf meinem Filmmakersprofil. Viel Spa\u00df beim St\u00f6bern \ud83d\ude42<\/p>\n","protected":false},"author":1,"featured_media":0,"parent":0,"menu_order":0,"comment_status":"closed","ping_status":"closed","template":"","meta":{"jetpack_post_was_ever_published":false,"footnotes":""},"class_list":["post-117","page","type-page","status-publish","hentry"],"jetpack_sharing_enabled":true,"jetpack_shortlink":"https:\/\/wp.me\/Pa9wQr-1T","_links":{"self":[{"href":"https:\/\/hannah-ehlers.de\/index.php?rest_route=\/wp\/v2\/pages\/117","targetHints":{"allow":["GET"]}}],"collection":[{"href":"https:\/\/hannah-ehlers.de\/index.php?rest_route=\/wp\/v2\/pages"}],"about":[{"href":"https:\/\/hannah-ehlers.de\/index.php?rest_route=\/wp\/v2\/types\/page"}],"author":[{"embeddable":true,"href":"https:\/\/hannah-ehlers.de\/index.php?rest_route=\/wp\/v2\/users\/1"}],"replies":[{"embeddable":true,"href":"https:\/\/hannah-ehlers.de\/index.php?rest_route=%2Fwp%2Fv2%2Fcomments&post=117"}],"version-history":[{"count":5,"href":"https:\/\/hannah-ehlers.de\/index.php?rest_route=\/wp\/v2\/pages\/117\/revisions"}],"predecessor-version":[{"id":1092,"href":"https:\/\/hannah-ehlers.de\/index.php?rest_route=\/wp\/v2\/pages\/117\/revisions\/1092"}],"wp:attachment":[{"href":"https:\/\/hannah-ehlers.de\/index.php?rest_route=%2Fwp%2Fv2%2Fmedia&parent=117"}],"curies":[{"name":"wp","href":"https:\/\/api.w.org\/{rel}","templated":true}]}}