{"id":15,"date":"2018-07-28T11:37:19","date_gmt":"2018-07-28T11:37:19","guid":{"rendered":"http:\/\/hannah-ehlers.de\/?page_id=15"},"modified":"2025-08-15T14:05:09","modified_gmt":"2025-08-15T14:05:09","slug":"vita","status":"publish","type":"page","link":"https:\/\/hannah-ehlers.de\/?page_id=15","title":{"rendered":"Vita"},"content":{"rendered":"\n<h6 class=\"wp-block-heading\"><b>Schauspiel (B\u00fchne)<br \/><\/b><\/h6>\n\n\n\n<p>2025 Theater f\u00fcr Niedersachsen Hildesheim \/ Der ewige Spie\u00dfer \/ Anna Pollinger \/ Regie: Michael Stacheder (als Einspringerin an drei Terminen)<\/p>\n\n\n\n<p>2024 Theater f\u00fcr Niedersachsen Hildesheim \/ Der Zauberer von Oz \/ Blechfrau, Die gute Hexe, Tante Em \/ Regie: Ayla Yeginer<\/p>\n\n\n\n<p>2023 Theater Die Kom\u00f6dianten Kiel \/ Ganze Tage, ganze N\u00e4chte \/ Sie \/ Regie: Ivan Dentler<\/p>\n\n\n\n<p>2023 Wiese eG Hamburg \/ Nasty Women (Workshopproduktion) \/ Alexandra Kollontai u.A. \/ Regie: Kristina Nadj<\/p>\n\n\n\n<p>2022 Theater f\u00fcr Niedersachsen \/ Die kleine Hexe \/ Die kleine Hexe \/ Regie: Ayla Yeginer<\/p>\n\n\n\n<p>2021 &#8211; 2024 Ernst-Deutsch-Theater Hamburg, Kabarett-Theater Distel Berlin, K9 Kulturzentrum Konstanz u.A. \/ Inside Sybille \/ Sybille \/ Regie: Kristina Nadj<\/p>\n\n\n\n<p>2021 Kraftwerk Bille, Tagtr\u00e4umer*innen Festival Horn (AT) \/ Tyler Durden Muss Sterben \/ Disney \/ Regie: Dominik G\u00fcnther<\/p>\n\n\n\n<p>2021 Wiese eG Hamburg, Grundschule Adensen u. A. \/ Pia Piratenprinzessin \/ Pia \/ Regie: Kristina Nadj<\/p>\n\n\n\n<p>2020 G\u00e4ngeviertel Hamburg \/ <span class=\"in_bl\">Verschw\u00f6rung im G\u00e4ngeviertel (Performance-Walk) \/ Whistleblowerin \/ Regie: f.e.t.t. Kollektiv<\/span><\/p>\n\n\n\n<p>2019 Kampnagel Hamburg \/ Rechnitz (Der W\u00fcrgeengel) \/ Botin \/ Regie: Woody Mues<\/p>\n\n\n\n<p>2019 Wedina Kultursalon \/ Inside Sybille \u2013 ein Vorspiel im Kopf \/ Die Liebe \/ Regie: Kristina Nadj<\/p>\n\n\n\n<p>2019 Hoftheater Ottensen \/ Schneewei\u00dfchen und Rosenrot \/ Rosenrot \/ Regie: Oliver Hoss<\/p>\n\n\n\n<p>2018 monsun theater \/ Die R\u00e4uber \/ Karl Moor \/ Regie: Dominik G\u00fcnther<\/p>\n\n\n\n<p>2015 Theaterhaus Hildesheim \/ SOAP (nach C. Palahniuks &#8222;Fight Club&#8220;) \/ Tyler Durden \/ Regie: Lara de Simone, Fionna Kessler<\/p>\n\n\n\n<h6 class=\"wp-block-heading\"><strong><b>Schauspiel (Kamera)<\/b><\/strong><br><\/h6><br><\/h6>\n\n\n\n<p>2025 Independent \/ Beton (Kurzfilm) \/ Anne (HR) \/ Regie: Anna Gronostayskaya, Linda Stockfleth<\/p>\n\n\n\n<p>2025 Robiehn \/ The Sch\u00fcttiman &#8211; Episode II: Eine \u00dcberdosis Zimt (Feature Film) \/ Cassia Black (HR) \/ Regie: Robert Kiehn<\/p>\n\n\n\n<p>2023 NDR \/ Gro\u00dfstadtrevier (Folge \u201eDie kleine Schachspielerin\u201c) \/ Dr. Kelch \/ Regie: Oliver Dommenget<\/p>\n\n\n\n<p>2023 Hamburg Media School \/ Zu Hause (Kurzfilm) \/ Lena \/ Regie: Janina H\u00fcttenrauch<\/p>\n\n\n\n<p>2022 NDR \/ Die Pfefferk\u00f6rner (Folge \u201eVertauscht\u201c) \/ Polizistin Sanftleben \/ Regie: Daniel Drechsel-Grau<\/p>\n\n\n\n<h6 class=\"wp-block-heading\"><b>Komposition &amp; Text<br \/><\/b><\/h6>\n\n\n\n<p>Romeo &amp; Julia \/ Theaterst\u00fcck mit Musik \/ Urauff\u00fchrung: 2025, Freilichtb\u00fchne Hallenberg<br \/>(Buch, Liedtexte)<\/p>\n\n\n\n<p>Herr der Diebe \/ Theaterst\u00fcck mit Musik \/ Urauff\u00fchrung: 2023, Greizer Theaterherbst <br \/>(Komposition)<\/p>\n\n\n\n<p>Nasty Women \/ Musical \/ Workshopproduktion: 2023, Wiese eG \/ Urauff\u00fchrung: ausstehend<br \/>(Komposition, Buch, Liedtexte)<\/p>\n\n\n\n<p>Pia Piratenprinzessin \/ Kindermusical \/ Urauff\u00fchrung: ausstehend<br \/>(Komposition, Buch, Liedtexte)<\/p>\n\n\n\n<p>Held- und Beinbruch \/ Mini-Musical \/ Urauff\u00fchrung: 2021, Waldb\u00fchne Kloster Oesde<br \/>(Komposition, Buch, Liedtexte)<\/p>\n\n\n\n<p>Weltrettung f\u00fcr Anf\u00e4nger &#8211; Folge 1: Der Klimawandel \/Performance-Musical \/ Urauff\u00fchrung: 2013, Studiob\u00fchne Universit\u00e4t Hildesheim<br \/>(Komposition, Liedtexte)<\/p>\n\n\n\n<h6 class=\"wp-block-heading\"><strong><b>Ausbildung<\/b><\/strong><\/h6>\n\n\n\n<p>2015 bis 2018 Hamburger Schauspielstudio Frese<\/p>\n\n\n\n<p>Rollenarbeit u.a. mit Solveig Krebs \/ Sylvia Wempner \/ Dominik G\u00fcnther \/ Silja von Kriegstein \/ Luisa Brandsd\u00f6rfer \/ Dietrich Trapp<\/p>\n\n\n\n<p>2011 bis 2015 Studium: Kulturwissenschaften und \u00e4sthetische Praxis (B.A.), Universit\u00e4t Hildesheim<\/p>\n\n\n\n<p>Aug bis Dez 2013 San Diego State University (Auslandssemester)<\/p>\n\n\n\n<h6 class=\"wp-block-heading\"><b>Auszeichnungen\/Stipendien<\/b><\/h6>\n\n\n\n<p>2018 Exzellenz-Siegel des VdpS (Verband deutscher privater Schauspielschulen)<\/p>\n\n\n\n<p>2021 Recherchestipendium der GVL f\u00fcr \u201eNasty Women\u201c<\/p>\n\n\n\n<p>2022 Stipendienartige Recherchef\u00f6rderung des Fonds Darstellende K\u00fcnste f\u00fcr \u201eNasty Women\u201c   <\/p>\n\n\n\n<h6 class=\"wp-block-heading\"><strong><b>Weiterbildung<\/b><\/strong><\/h6>\n\n\n\n<p>2019 &#8211; 2021 Masterclass \u201eRollenentwicklung nach Ivana Chubbuck\u201c \/ Cosma Dujat \/ Hamburg<\/p>\n\n\n\n<p>2020 Positionierung und Weiterbildung f\u00fcr Schauspieler*innen \/ Showreel Hamburg (Alexander Resch und Cosma Dujat) \/ Hamburg<\/p>\n\n\n\n<p>2017 K\u00f6rper &amp; Stimme \/ Eva Resch \/ Hamburg<\/p>\n\n\n\n<p>2014 Masterclass \u201eSongwriting und Komposition\u201c \/ Stefan Wurz \/ Hildesheim<\/p>\n\n\n\n<p>Gesangsunterricht u.a. bei Eva Resch \/ Denise Vil\u00f6hr \/ Sandra Gantert \/ Annalena Doss \/ Rebecca Heyer<\/p>\n\n\n","protected":false},"excerpt":{"rendered":"<p>Schauspiel (B\u00fchne) 2025 Theater f\u00fcr Niedersachsen Hildesheim \/ Der ewige Spie\u00dfer \/ Anna Pollinger \/ Regie: Michael Stacheder (als Einspringerin an drei Terminen) 2024 Theater f\u00fcr Niedersachsen Hildesheim \/ Der Zauberer von Oz \/ Blechfrau, Die gute Hexe, Tante Em \/ Regie: Ayla Yeginer 2023 Theater Die Kom\u00f6dianten Kiel \/ Ganze Tage, ganze N\u00e4chte \/ &hellip; <\/p>\n<p class=\"link-more\"><a href=\"https:\/\/hannah-ehlers.de\/?page_id=15\" class=\"more-link\"><span class=\"screen-reader-text\">\u201eVita\u201c <\/span>weiterlesen<\/a><\/p>\n","protected":false},"author":1,"featured_media":0,"parent":0,"menu_order":0,"comment_status":"closed","ping_status":"closed","template":"","meta":{"jetpack_post_was_ever_published":false,"footnotes":""},"class_list":["post-15","page","type-page","status-publish","hentry"],"jetpack_sharing_enabled":true,"jetpack_shortlink":"https:\/\/wp.me\/Pa9wQr-f","_links":{"self":[{"href":"https:\/\/hannah-ehlers.de\/index.php?rest_route=\/wp\/v2\/pages\/15","targetHints":{"allow":["GET"]}}],"collection":[{"href":"https:\/\/hannah-ehlers.de\/index.php?rest_route=\/wp\/v2\/pages"}],"about":[{"href":"https:\/\/hannah-ehlers.de\/index.php?rest_route=\/wp\/v2\/types\/page"}],"author":[{"embeddable":true,"href":"https:\/\/hannah-ehlers.de\/index.php?rest_route=\/wp\/v2\/users\/1"}],"replies":[{"embeddable":true,"href":"https:\/\/hannah-ehlers.de\/index.php?rest_route=%2Fwp%2Fv2%2Fcomments&post=15"}],"version-history":[{"count":39,"href":"https:\/\/hannah-ehlers.de\/index.php?rest_route=\/wp\/v2\/pages\/15\/revisions"}],"predecessor-version":[{"id":1258,"href":"https:\/\/hannah-ehlers.de\/index.php?rest_route=\/wp\/v2\/pages\/15\/revisions\/1258"}],"wp:attachment":[{"href":"https:\/\/hannah-ehlers.de\/index.php?rest_route=%2Fwp%2Fv2%2Fmedia&parent=15"}],"curies":[{"name":"wp","href":"https:\/\/api.w.org\/{rel}","templated":true}]}}