{"id":434,"date":"2020-04-16T14:41:58","date_gmt":"2020-04-16T14:41:58","guid":{"rendered":"http:\/\/hannah-ehlers.de\/?page_id=434"},"modified":"2023-02-06T09:49:10","modified_gmt":"2023-02-06T09:49:10","slug":"ausgesprochen_frei","status":"publish","type":"page","link":"https:\/\/hannah-ehlers.de\/?page_id=434","title":{"rendered":"Ausgesprochen frei"},"content":{"rendered":"\n<p><a rel=\"noreferrer noopener\" href=\"https:\/\/www.instagram.com\/ausgesprochen_frei\/\" target=\"_blank\">Ausgesprochen frei<\/a> ist ein Kollektiv freischaffender K\u00fcnstlerinnen aus Hamburg, welches ich im Fr\u00fchjahr 2020 gemeinsam mit Kristina Nadj, Roxana Safarabadi und Catalina Suchomel gegr\u00fcndet habe. Seitdem erweitert sich das Team stetig, zum Beispiel um Schauspielerin Nina Sarita Balthasar, Musiker Henrik Demcker und Grafiker Sebastian Kowalczyk. Wir besch\u00e4ftigen uns in erster Linie mit feministischen Themen und setzen uns f\u00fcr Gleichstellung, Freiheit und einen offenen Austausch ein. <\/p>\n\n\n\n<p>Aktuell treten wir mit unserer St\u00fcckentwicklung <a data-type=\"URL\" data-id=\"https:\/\/hannah-ehlers.de\/?page_id=603\" href=\"https:\/\/hannah-ehlers.de\/?page_id=603\">Inside Sybille<\/a> zum Thema weibliche Sexualit\u00e4t, K\u00f6rperbilder und Selbstbestimmung im deutschsprachigen Raum auf, unter anderem im Ernst-Deutsch-Theater Hamburg und im Kabarett-Theater Distel in Berlin. <\/p>\n\n\n\n<p>Au\u00dferdem haben wir 2021 zusammen mit dem Paper Street SOAP Kollektiv die Eigenproduktion <a href=\"https:\/\/hannah-ehlers.de\/?page_id=934\">Tyler Durden Muss Sterben<\/a> im Kraftwerk Bille in Hamburg zur Urauff\u00fchrung gebracht und beim Tagtr\u00e4umer*innen Festival Horn (\u00d6sterreich) gezeigt.<\/p>\n\n\n\n<p>Weitere Projekte sind in Planung\u2026<\/p>\n\n\n\n<figure class=\"wp-block-image size-large\"><img loading=\"lazy\" decoding=\"async\" width=\"1024\" height=\"1024\" src=\"https:\/\/hannah-ehlers.de\/wp-content\/uploads\/2021\/05\/Gruppe-edited-1024x1024.jpg\" alt=\"\" class=\"wp-image-628\" srcset=\"https:\/\/hannah-ehlers.de\/wp-content\/uploads\/2021\/05\/Gruppe-edited-1024x1024.jpg 1024w, https:\/\/hannah-ehlers.de\/wp-content\/uploads\/2021\/05\/Gruppe-edited-300x300.jpg 300w, https:\/\/hannah-ehlers.de\/wp-content\/uploads\/2021\/05\/Gruppe-edited-150x150.jpg 150w, https:\/\/hannah-ehlers.de\/wp-content\/uploads\/2021\/05\/Gruppe-edited-768x768.jpg 768w, https:\/\/hannah-ehlers.de\/wp-content\/uploads\/2021\/05\/Gruppe-edited-1536x1536.jpg 1536w, https:\/\/hannah-ehlers.de\/wp-content\/uploads\/2021\/05\/Gruppe-edited-2048x2048.jpg 2048w, https:\/\/hannah-ehlers.de\/wp-content\/uploads\/2021\/05\/Gruppe-edited-100x100.jpg 100w\" sizes=\"auto, (max-width: 767px) 89vw, (max-width: 1000px) 54vw, (max-width: 1071px) 543px, 580px\" \/><figcaption class=\"wp-element-caption\">Gr\u00fcndungsteam von ausgesprochen frei <br \/>(v.l.n.r. Catalina Suchomel, Kristina Nadj, Hannah Ehlers, Roxana Safarabadi)<br \/>\u00a9Polina Andriyvna<\/figcaption><\/figure>\n","protected":false},"excerpt":{"rendered":"<p>Ausgesprochen frei ist ein Kollektiv freischaffender K\u00fcnstlerinnen aus Hamburg, welches ich im Fr\u00fchjahr 2020 gemeinsam mit Kristina Nadj, Roxana Safarabadi und Catalina Suchomel gegr\u00fcndet habe. Seitdem erweitert sich das Team stetig, zum Beispiel um Schauspielerin Nina Sarita Balthasar, Musiker Henrik Demcker und Grafiker Sebastian Kowalczyk. Wir besch\u00e4ftigen uns in erster Linie mit feministischen Themen und &hellip; <\/p>\n<p class=\"link-more\"><a href=\"https:\/\/hannah-ehlers.de\/?page_id=434\" class=\"more-link\"><span class=\"screen-reader-text\">\u201eAusgesprochen frei\u201c <\/span>weiterlesen<\/a><\/p>\n","protected":false},"author":1,"featured_media":0,"parent":0,"menu_order":0,"comment_status":"closed","ping_status":"closed","template":"","meta":{"jetpack_post_was_ever_published":false,"footnotes":""},"class_list":["post-434","page","type-page","status-publish","hentry"],"jetpack_sharing_enabled":true,"jetpack_shortlink":"https:\/\/wp.me\/Pa9wQr-70","_links":{"self":[{"href":"https:\/\/hannah-ehlers.de\/index.php?rest_route=\/wp\/v2\/pages\/434","targetHints":{"allow":["GET"]}}],"collection":[{"href":"https:\/\/hannah-ehlers.de\/index.php?rest_route=\/wp\/v2\/pages"}],"about":[{"href":"https:\/\/hannah-ehlers.de\/index.php?rest_route=\/wp\/v2\/types\/page"}],"author":[{"embeddable":true,"href":"https:\/\/hannah-ehlers.de\/index.php?rest_route=\/wp\/v2\/users\/1"}],"replies":[{"embeddable":true,"href":"https:\/\/hannah-ehlers.de\/index.php?rest_route=%2Fwp%2Fv2%2Fcomments&post=434"}],"version-history":[{"count":18,"href":"https:\/\/hannah-ehlers.de\/index.php?rest_route=\/wp\/v2\/pages\/434\/revisions"}],"predecessor-version":[{"id":951,"href":"https:\/\/hannah-ehlers.de\/index.php?rest_route=\/wp\/v2\/pages\/434\/revisions\/951"}],"wp:attachment":[{"href":"https:\/\/hannah-ehlers.de\/index.php?rest_route=%2Fwp%2Fv2%2Fmedia&parent=434"}],"curies":[{"name":"wp","href":"https:\/\/api.w.org\/{rel}","templated":true}]}}