{"id":78,"date":"2018-07-28T13:10:50","date_gmt":"2018-07-28T13:10:50","guid":{"rendered":"http:\/\/hannah-ehlers.de\/?page_id=78"},"modified":"2025-03-07T11:23:27","modified_gmt":"2025-03-07T11:23:27","slug":"ueber-mich","status":"publish","type":"page","link":"https:\/\/hannah-ehlers.de\/?page_id=78","title":{"rendered":"\u00dcber mich"},"content":{"rendered":"\n<p>Hallo ihr Lieben!<\/p>\n\n\n\n<p>Mein Name ist Hannah und ich bin ausgebildete Schauspielerin und freischaffende K\u00fcnstlerin aus Hamburg. Schon immer habe ich mich als Tausendsassa empfunden und liebe es nicht nur, als Schauspielerin und S\u00e4ngerin auf der B\u00fchne oder vor der Kamera zu stehen, sondern mache auch Musik und schreibe \u2013 Songs, Theaterst\u00fccke, Musicals. Ich bin sehr gl\u00fccklich, in diesem vielf\u00e4ltigen, kreativen Berufsfeld zu arbeiten und freue mich immer \u00fcber neue Projekte und Begegnungen!<\/p>\n\n\n\n<p>Folgt mir gerne auf <a href=\"https:\/\/www.instagram.com\/hannahlampion\/\" target=\"_blank\" rel=\"noreferrer noopener\">Instagram<\/a>!<\/p>\n\n\n\n<p>Genauere Daten findet ihr auf meinem <a href=\"https:\/\/www.filmmakers.eu\/de\/actors\/hannah-ehlers\" target=\"_blank\" rel=\"noreferrer noopener\">Profil bei Filmmakers<\/a>.<\/p>\n\n\n\n<figure class=\"wp-block-image size-large\"><img loading=\"lazy\" decoding=\"async\" width=\"683\" height=\"1024\" src=\"https:\/\/hannah-ehlers.de\/wp-content\/uploads\/2025\/03\/Insta-1.4-683x1024.jpg\" alt=\"\" class=\"wp-image-1219\" srcset=\"https:\/\/hannah-ehlers.de\/wp-content\/uploads\/2025\/03\/Insta-1.4-683x1024.jpg 683w, https:\/\/hannah-ehlers.de\/wp-content\/uploads\/2025\/03\/Insta-1.4-200x300.jpg 200w, https:\/\/hannah-ehlers.de\/wp-content\/uploads\/2025\/03\/Insta-1.4-768x1152.jpg 768w, https:\/\/hannah-ehlers.de\/wp-content\/uploads\/2025\/03\/Insta-1.4-1024x1536.jpg 1024w, https:\/\/hannah-ehlers.de\/wp-content\/uploads\/2025\/03\/Insta-1.4-1365x2048.jpg 1365w, https:\/\/hannah-ehlers.de\/wp-content\/uploads\/2025\/03\/Insta-1.4-scaled.jpg 1707w\" sizes=\"auto, (max-width: 683px) 100vw, 683px\" \/><figcaption class=\"wp-element-caption\">Foto: Alexander Resch<\/figcaption><\/figure>\n","protected":false},"excerpt":{"rendered":"<p>Hallo ihr Lieben! Mein Name ist Hannah und ich bin ausgebildete Schauspielerin und freischaffende K\u00fcnstlerin aus Hamburg. Schon immer habe ich mich als Tausendsassa empfunden und liebe es nicht nur, als Schauspielerin und S\u00e4ngerin auf der B\u00fchne oder vor der Kamera zu stehen, sondern mache auch Musik und schreibe \u2013 Songs, Theaterst\u00fccke, Musicals. Ich bin &hellip; <\/p>\n<p class=\"link-more\"><a href=\"https:\/\/hannah-ehlers.de\/?page_id=78\" class=\"more-link\"><span class=\"screen-reader-text\">\u201e\u00dcber mich\u201c <\/span>weiterlesen<\/a><\/p>\n","protected":false},"author":1,"featured_media":0,"parent":0,"menu_order":0,"comment_status":"closed","ping_status":"closed","template":"","meta":{"jetpack_post_was_ever_published":false,"footnotes":""},"class_list":["post-78","page","type-page","status-publish","hentry"],"jetpack_sharing_enabled":true,"jetpack_shortlink":"https:\/\/wp.me\/Pa9wQr-1g","_links":{"self":[{"href":"https:\/\/hannah-ehlers.de\/index.php?rest_route=\/wp\/v2\/pages\/78","targetHints":{"allow":["GET"]}}],"collection":[{"href":"https:\/\/hannah-ehlers.de\/index.php?rest_route=\/wp\/v2\/pages"}],"about":[{"href":"https:\/\/hannah-ehlers.de\/index.php?rest_route=\/wp\/v2\/types\/page"}],"author":[{"embeddable":true,"href":"https:\/\/hannah-ehlers.de\/index.php?rest_route=\/wp\/v2\/users\/1"}],"replies":[{"embeddable":true,"href":"https:\/\/hannah-ehlers.de\/index.php?rest_route=%2Fwp%2Fv2%2Fcomments&post=78"}],"version-history":[{"count":23,"href":"https:\/\/hannah-ehlers.de\/index.php?rest_route=\/wp\/v2\/pages\/78\/revisions"}],"predecessor-version":[{"id":1226,"href":"https:\/\/hannah-ehlers.de\/index.php?rest_route=\/wp\/v2\/pages\/78\/revisions\/1226"}],"wp:attachment":[{"href":"https:\/\/hannah-ehlers.de\/index.php?rest_route=%2Fwp%2Fv2%2Fmedia&parent=78"}],"curies":[{"name":"wp","href":"https:\/\/api.w.org\/{rel}","templated":true}]}}