{"id":906,"date":"2023-01-21T11:31:26","date_gmt":"2023-01-21T11:31:26","guid":{"rendered":"https:\/\/hannah-ehlers.de\/?page_id=906"},"modified":"2025-12-11T16:36:42","modified_gmt":"2025-12-11T16:36:42","slug":"nasty-women","status":"publish","type":"page","link":"https:\/\/hannah-ehlers.de\/?page_id=906","title":{"rendered":"NASTY WOMEN &#8211; die Welt braucht keine Heldinnen"},"content":{"rendered":"\n<p>Luisa ist \u00fcberfordert: Leistungsdruck, Beziehungsstress, ein \u00dcberfluss an Informationen und Krisen rund um den Globus. Und Oma geht es auch immer schlechter\u2026 Also auf den letzten Zug in die Heimat, um die Familie zu unterst\u00fctzen. Aber die Wohnung ist leer, Mama ist noch unterwegs. Nur ein B\u00fccherregal ist da \u2013 und pl\u00f6tzlich kommen diverse eigensinnige Frauen der Weltgeschichte daraus hervor! Von der mongolischen Kriegerin Khutulun \u00fcber die mexikanische Nonne Juana In\u00e9s de la Cruz bis zur Weltrekord-Sprinterin Wilma Rudolph. Sie alle haben eine Geschichte dabei \u2013 und eine Meinung. Was macht Luisa nun damit? Und was machen die mit Luisa?<\/p>\n\n\n\n<p>Das Musical NASTY WOMEN schafft eine brandaktuelle Verbindung zwischen den Fragestellungen einer jungen Frau von heute und den Erfahrungen derer, die vor ihr gelebt, gelitten, gelernt haben. So vielf\u00e4ltig wie die Frauen, deren Geschichten erz\u00e4hlt werden, ist auch die Musik: Mal rockig, mal ruhig, mal tanzbar \u2013 durch verschiedenste Genres popul\u00e4rer Musik der letzten hundert Jahre.<\/p>\n\n\n\n<p><em>\u201eEgal, wer wir sind, wie wir aufwuchsen oder was wir glauben \u2013 wir alle k\u00e4mpfen stillschweigend gegen die Angst, nicht gut genug zu sein, nicht genug zu haben oder nicht dazu zu geh\u00f6ren. Wenn wir den Mut finden, unsere Erfahrungen zu teilen, und das Mitgef\u00fchl, anderen zuzuh\u00f6ren, wenn sie ihre Geschichten erz\u00e4hlen, dann zwingen wir Scham aus ihrem Versteck und beenden das Schweigen.\u201c (Bren\u00e9 Brown)<\/em><\/p>\n\n\n\n<p>Im Juni 2023 gab es einen erfolgreichen f\u00fcnft\u00e4gigen Workshop in Hamburg und im Mai 2024 haben wir das St\u00fcck auf der ersten deutschen Musicalmesse &#8222;OberFringe&#8220; pr\u00e4sentiert. Nun ist NASTY WOMEN im St\u00fcckekontor unter dem Dach von Musik&amp;B\u00fchne vertreten. Interessiert d\u00fcrfen sich sehr gerne direkt <a href=\"https:\/\/www.musikundbuehne.de\/nc\/stuecksuche\/detail\/werk\/659.html\">beim Verlag<\/a> melden.<\/p>\n\n\n\n<figure class=\"wp-block-image size-large\"><img loading=\"lazy\" decoding=\"async\" width=\"1024\" height=\"1024\" src=\"https:\/\/hannah-ehlers.de\/wp-content\/uploads\/2024\/06\/20230422_153249_0000-1024x1024.png\" alt=\"\" class=\"wp-image-1128\" srcset=\"https:\/\/hannah-ehlers.de\/wp-content\/uploads\/2024\/06\/20230422_153249_0000-1024x1024.png 1024w, https:\/\/hannah-ehlers.de\/wp-content\/uploads\/2024\/06\/20230422_153249_0000-300x300.png 300w, https:\/\/hannah-ehlers.de\/wp-content\/uploads\/2024\/06\/20230422_153249_0000-150x150.png 150w, https:\/\/hannah-ehlers.de\/wp-content\/uploads\/2024\/06\/20230422_153249_0000-768x768.png 768w, https:\/\/hannah-ehlers.de\/wp-content\/uploads\/2024\/06\/20230422_153249_0000-100x100.png 100w, https:\/\/hannah-ehlers.de\/wp-content\/uploads\/2024\/06\/20230422_153249_0000.png 1080w\" sizes=\"auto, (max-width: 767px) 89vw, (max-width: 1000px) 54vw, (max-width: 1071px) 543px, 580px\" \/><\/figure>\n\n\n\n<p><\/p>\n","protected":false},"excerpt":{"rendered":"<p>Luisa ist \u00fcberfordert: Leistungsdruck, Beziehungsstress, ein \u00dcberfluss an Informationen und Krisen rund um den Globus. Und Oma geht es auch immer schlechter\u2026 Also auf den letzten Zug in die Heimat, um die Familie zu unterst\u00fctzen. Aber die Wohnung ist leer, Mama ist noch unterwegs. Nur ein B\u00fccherregal ist da \u2013 und pl\u00f6tzlich kommen diverse eigensinnige &hellip; <\/p>\n<p class=\"link-more\"><a href=\"https:\/\/hannah-ehlers.de\/?page_id=906\" class=\"more-link\"><span class=\"screen-reader-text\">\u201eNASTY WOMEN &#8211; die Welt braucht keine Heldinnen\u201c <\/span>weiterlesen<\/a><\/p>\n","protected":false},"author":1,"featured_media":0,"parent":915,"menu_order":0,"comment_status":"closed","ping_status":"closed","template":"","meta":{"jetpack_post_was_ever_published":false,"footnotes":""},"class_list":["post-906","page","type-page","status-publish","hentry"],"jetpack_sharing_enabled":true,"jetpack_shortlink":"https:\/\/wp.me\/Pa9wQr-eC","_links":{"self":[{"href":"https:\/\/hannah-ehlers.de\/index.php?rest_route=\/wp\/v2\/pages\/906","targetHints":{"allow":["GET"]}}],"collection":[{"href":"https:\/\/hannah-ehlers.de\/index.php?rest_route=\/wp\/v2\/pages"}],"about":[{"href":"https:\/\/hannah-ehlers.de\/index.php?rest_route=\/wp\/v2\/types\/page"}],"author":[{"embeddable":true,"href":"https:\/\/hannah-ehlers.de\/index.php?rest_route=\/wp\/v2\/users\/1"}],"replies":[{"embeddable":true,"href":"https:\/\/hannah-ehlers.de\/index.php?rest_route=%2Fwp%2Fv2%2Fcomments&post=906"}],"version-history":[{"count":14,"href":"https:\/\/hannah-ehlers.de\/index.php?rest_route=\/wp\/v2\/pages\/906\/revisions"}],"predecessor-version":[{"id":1302,"href":"https:\/\/hannah-ehlers.de\/index.php?rest_route=\/wp\/v2\/pages\/906\/revisions\/1302"}],"up":[{"embeddable":true,"href":"https:\/\/hannah-ehlers.de\/index.php?rest_route=\/wp\/v2\/pages\/915"}],"wp:attachment":[{"href":"https:\/\/hannah-ehlers.de\/index.php?rest_route=%2Fwp%2Fv2%2Fmedia&parent=906"}],"curies":[{"name":"wp","href":"https:\/\/api.w.org\/{rel}","templated":true}]}}