{"id":934,"date":"2023-01-21T12:09:36","date_gmt":"2023-01-21T12:09:36","guid":{"rendered":"https:\/\/hannah-ehlers.de\/?page_id=934"},"modified":"2023-11-07T10:12:04","modified_gmt":"2023-11-07T10:12:04","slug":"tyler-durden-muss-sterben","status":"publish","type":"page","link":"https:\/\/hannah-ehlers.de\/?page_id=934","title":{"rendered":"Tyler Durden Muss Sterben"},"content":{"rendered":"\n<p>Ein Aufzug. Eine Umkleidekabine. Eine alte Boxhalle. Ein zuf\u00e4lliges Zusammentreffen. Oder doch Schicksal? Disney, Wespe, Chanel und Tarot haben es satt. Unfaire Weltordnung, sexistische Gesellschaft, ein Millionenpublikum f\u00fcr die Meinungen des immer gleichen mittelm\u00e4\u00dfigen Mannes. So erschaffen sich die Frauen ein m\u00e4nnliches Sprachrohr in die Welt: Tyler Durden, Repr\u00e4sentant f\u00fcr all ihre Wut, ihren Frust und den Wunsch nach Ver\u00e4nderung. Das fiktive Alter Ego aus der Popkultur wird \u00fcber Nacht zum Medienstar, dessen Fans in seinem Namen endlich den Aktivismus unterst\u00fctzen, den sich die Frauen ertr\u00e4umt haben. Doch sich in das Kost\u00fcm des Mannes zu h\u00fcllen f\u00e4llt zunehmend leichter, als es wieder abzulegen\u2026<\/p>\n\n\n\n<p><strong>Schauspiel:<\/strong> Nina Sarita Balthasar, Ponny Distakul, Hannah Ehlers, Kristina Nadj<br \/><strong>Regie:<\/strong> Dominik G\u00fcnther<br \/><strong>St\u00fcckidee:<\/strong> Fionna Frank, Lara de Simone<br \/><strong>Text:<\/strong> Fionna Frank<br \/><strong>Kost\u00fcm:<\/strong> Gunna Meyer<br \/><strong>Produktionsleitung:<\/strong> Ulrike Czogalla, Hannah Ehlers<br \/><strong>Regieassistenz:<\/strong> Cora Eder<br \/><strong>Grafikdesign:<\/strong> Sebastian Kowalczyk<br \/><strong>Fotografie Flyer:<\/strong> Johanna Fritzen<br \/><strong>Produktionsfotos:<\/strong> Oliver Fantitsch<\/p>\n\n\n\n<p><strong>Gef\u00f6rdert durch:<\/strong> Fonds Darstellende K\u00fcnste, Hamburgische Kulturstiftung, Caf\u00e9 Royal Kulturstiftung<\/p>\n\n\n\n<figure class=\"wp-block-image size-large\"><img loading=\"lazy\" decoding=\"async\" width=\"724\" height=\"1024\" src=\"https:\/\/hannah-ehlers.de\/wp-content\/uploads\/2021\/08\/TDMS_Einladung-724x1024.jpg\" alt=\"\" class=\"wp-image-731\" srcset=\"https:\/\/hannah-ehlers.de\/wp-content\/uploads\/2021\/08\/TDMS_Einladung-724x1024.jpg 724w, https:\/\/hannah-ehlers.de\/wp-content\/uploads\/2021\/08\/TDMS_Einladung-212x300.jpg 212w, https:\/\/hannah-ehlers.de\/wp-content\/uploads\/2021\/08\/TDMS_Einladung-768x1086.jpg 768w, https:\/\/hannah-ehlers.de\/wp-content\/uploads\/2021\/08\/TDMS_Einladung-1086x1536.jpg 1086w, https:\/\/hannah-ehlers.de\/wp-content\/uploads\/2021\/08\/TDMS_Einladung.jpg 1240w\" sizes=\"auto, (max-width: 724px) 100vw, 724px\" \/><\/figure>\n\n\n\n<p><\/p>\n","protected":false},"excerpt":{"rendered":"<p>Ein Aufzug. Eine Umkleidekabine. Eine alte Boxhalle. Ein zuf\u00e4lliges Zusammentreffen. Oder doch Schicksal? Disney, Wespe, Chanel und Tarot haben es satt. Unfaire Weltordnung, sexistische Gesellschaft, ein Millionenpublikum f\u00fcr die Meinungen des immer gleichen mittelm\u00e4\u00dfigen Mannes. So erschaffen sich die Frauen ein m\u00e4nnliches Sprachrohr in die Welt: Tyler Durden, Repr\u00e4sentant f\u00fcr all ihre Wut, ihren Frust &hellip; <\/p>\n<p class=\"link-more\"><a href=\"https:\/\/hannah-ehlers.de\/?page_id=934\" class=\"more-link\"><span class=\"screen-reader-text\">\u201eTyler Durden Muss Sterben\u201c <\/span>weiterlesen<\/a><\/p>\n","protected":false},"author":1,"featured_media":0,"parent":434,"menu_order":0,"comment_status":"closed","ping_status":"closed","template":"","meta":{"jetpack_post_was_ever_published":false,"footnotes":""},"class_list":["post-934","page","type-page","status-publish","hentry"],"jetpack_sharing_enabled":true,"jetpack_shortlink":"https:\/\/wp.me\/Pa9wQr-f4","_links":{"self":[{"href":"https:\/\/hannah-ehlers.de\/index.php?rest_route=\/wp\/v2\/pages\/934","targetHints":{"allow":["GET"]}}],"collection":[{"href":"https:\/\/hannah-ehlers.de\/index.php?rest_route=\/wp\/v2\/pages"}],"about":[{"href":"https:\/\/hannah-ehlers.de\/index.php?rest_route=\/wp\/v2\/types\/page"}],"author":[{"embeddable":true,"href":"https:\/\/hannah-ehlers.de\/index.php?rest_route=\/wp\/v2\/users\/1"}],"replies":[{"embeddable":true,"href":"https:\/\/hannah-ehlers.de\/index.php?rest_route=%2Fwp%2Fv2%2Fcomments&post=934"}],"version-history":[{"count":4,"href":"https:\/\/hannah-ehlers.de\/index.php?rest_route=\/wp\/v2\/pages\/934\/revisions"}],"predecessor-version":[{"id":941,"href":"https:\/\/hannah-ehlers.de\/index.php?rest_route=\/wp\/v2\/pages\/934\/revisions\/941"}],"up":[{"embeddable":true,"href":"https:\/\/hannah-ehlers.de\/index.php?rest_route=\/wp\/v2\/pages\/434"}],"wp:attachment":[{"href":"https:\/\/hannah-ehlers.de\/index.php?rest_route=%2Fwp%2Fv2%2Fmedia&parent=934"}],"curies":[{"name":"wp","href":"https:\/\/api.w.org\/{rel}","templated":true}]}}